{"id":13,"date":"2026-01-15T12:55:15","date_gmt":"2026-01-15T12:55:15","guid":{"rendered":"https:\/\/amabio.rkinformatika.online\/?page_id=13"},"modified":"2026-01-28T11:43:38","modified_gmt":"2026-01-28T11:43:38","slug":"productos","status":"publish","type":"page","link":"https:\/\/amabio.biz\/eu\/productos\/","title":{"rendered":"Produktuak"},"content":{"rendered":"<div data-elementor-type=\"wp-page\" data-elementor-id=\"13\" class=\"elementor elementor-13\" data-elementor-post-type=\"page\">\n\t\t\t\t<div class=\"elementor-element elementor-element-15206bd e-flex e-con-boxed e-con e-parent\" data-id=\"15206bd\" data-element_type=\"container\" data-e-type=\"container\" data-settings=\"{&quot;background_background&quot;:&quot;classic&quot;}\">\n\t\t\t\t\t<div class=\"e-con-inner\">\n\t\t\t\t<div class=\"elementor-element elementor-element-ef58130 elementor-invisible elementor-widget elementor-widget-heading\" data-id=\"ef58130\" data-element_type=\"widget\" data-e-type=\"widget\" data-settings=\"{&quot;_animation&quot;:&quot;fadeInLeft&quot;}\" data-widget_type=\"heading.default\">\n\t\t\t\t\t<h2 class=\"elementor-heading-title elementor-size-default\">Bienestar natural <br>desde el origen<\/h2>\t\t\t\t<\/div>\n\t\t\t\t\t<\/div>\n\t\t\t\t<\/div>\n\t\t<div class=\"elementor-element elementor-element-f32e066 e-flex e-con-boxed e-con e-parent\" data-id=\"f32e066\" data-element_type=\"container\" data-e-type=\"container\">\n\t\t\t\t\t<div class=\"e-con-inner\">\n\t\t\t\t<div class=\"elementor-element elementor-element-b546433 elementor-widget elementor-widget-heading\" data-id=\"b546433\" data-element_type=\"widget\" data-e-type=\"widget\" data-widget_type=\"heading.default\">\n\t\t\t\t\t<h2 class=\"elementor-heading-title elementor-size-default\">En nuestra tienda encontrar\u00e1s una amplia variedad de productos ecol\u00f3gicos certificados, seleccionados con mimo y responsabilidad<\/h2>\t\t\t\t<\/div>\n\t\t\t\t\t<\/div>\n\t\t\t\t<\/div>\n\t\t<div class=\"elementor-element elementor-element-b333a7a e-flex e-con-boxed e-con e-parent\" data-id=\"b333a7a\" data-element_type=\"container\" data-e-type=\"container\">\n\t\t\t\t\t<div class=\"e-con-inner\">\n\t\t<div class=\"elementor-element elementor-element-840e11f e-con-full e-flex e-con e-child\" data-id=\"840e11f\" data-element_type=\"container\" data-e-type=\"container\" data-settings=\"{&quot;background_background&quot;:&quot;classic&quot;}\">\n\t\t\t\t<div class=\"elementor-element elementor-element-5713ecc elementor-widget elementor-widget-heading\" data-id=\"5713ecc\" data-element_type=\"widget\" data-e-type=\"widget\" data-widget_type=\"heading.default\">\n\t\t\t\t\t<h2 class=\"elementor-heading-title elementor-size-default\">Alimentaci\u00f3n Ecol\u00f3gica<\/h2>\t\t\t\t<\/div>\n\t\t\t\t<div class=\"elementor-element elementor-element-fe4f785 elementor-widget elementor-widget-text-editor\" data-id=\"fe4f785\" data-element_type=\"widget\" data-e-type=\"widget\" data-widget_type=\"text-editor.default\">\n\t\t\t\t\t\t\t\t\t<p>Productos b\u00e1sicos y gourmet elaborados con ingredientes naturales y de origen ecol\u00f3gico.<\/p>\t\t\t\t\t\t\t\t<\/div>\n\t\t\t\t<\/div>\n\t\t<div class=\"elementor-element elementor-element-a684c01 e-con-full e-flex e-con e-child\" data-id=\"a684c01\" data-element_type=\"container\" data-e-type=\"container\" data-settings=\"{&quot;background_background&quot;:&quot;classic&quot;}\">\n\t\t\t\t<div class=\"elementor-element elementor-element-01e1e2b elementor-widget elementor-widget-heading\" data-id=\"01e1e2b\" data-element_type=\"widget\" data-e-type=\"widget\" data-widget_type=\"heading.default\">\n\t\t\t\t\t<h2 class=\"elementor-heading-title elementor-size-default\">Diet\u00e9tica y Nutrici\u00f3n<\/h2>\t\t\t\t<\/div>\n\t\t\t\t<div class=\"elementor-element elementor-element-b0993c2 elementor-widget elementor-widget-text-editor\" data-id=\"b0993c2\" data-element_type=\"widget\" data-e-type=\"widget\" data-widget_type=\"text-editor.default\">\n\t\t\t\t\t\t\t\t\t<p>Suplementos diet\u00e9ticos, plantas medicinales y opciones pensadas para cuidar tu salud de forma natural.\u00a0<\/p>\t\t\t\t\t\t\t\t<\/div>\n\t\t\t\t<\/div>\n\t\t\t\t\t<\/div>\n\t\t\t\t<\/div>\n\t\t<div class=\"elementor-element elementor-element-a8dae08 e-flex e-con-boxed e-con e-parent\" data-id=\"a8dae08\" data-element_type=\"container\" data-e-type=\"container\">\n\t\t\t\t\t<div class=\"e-con-inner\">\n\t\t<div class=\"elementor-element elementor-element-c5e41a3 e-con-full e-flex e-con e-child\" data-id=\"c5e41a3\" data-element_type=\"container\" data-e-type=\"container\" data-settings=\"{&quot;background_background&quot;:&quot;classic&quot;}\">\n\t\t\t\t<div class=\"elementor-element elementor-element-9684b5f elementor-widget elementor-widget-heading\" data-id=\"9684b5f\" data-element_type=\"widget\" data-e-type=\"widget\" data-widget_type=\"heading.default\">\n\t\t\t\t\t<h2 class=\"elementor-heading-title elementor-size-default\">Cosm\u00e9tica Natural<\/h2>\t\t\t\t<\/div>\n\t\t\t\t<div class=\"elementor-element elementor-element-376aaac elementor-widget elementor-widget-text-editor\" data-id=\"376aaac\" data-element_type=\"widget\" data-e-type=\"widget\" data-widget_type=\"text-editor.default\">\n\t\t\t\t\t\t\t\t\t<p>Productos de cuidado personal elaborados con ingredientes naturales, respetuosos con tu piel y con el medio ambiente.<\/p>\t\t\t\t\t\t\t\t<\/div>\n\t\t\t\t<\/div>\n\t\t<div class=\"elementor-element elementor-element-cb88ba7 e-con-full e-flex e-con e-child\" data-id=\"cb88ba7\" data-element_type=\"container\" data-e-type=\"container\" data-settings=\"{&quot;background_background&quot;:&quot;classic&quot;}\">\n\t\t\t\t<div class=\"elementor-element elementor-element-f44e73c elementor-widget elementor-widget-heading\" data-id=\"f44e73c\" data-element_type=\"widget\" data-e-type=\"widget\" data-widget_type=\"heading.default\">\n\t\t\t\t\t<h2 class=\"elementor-heading-title elementor-size-default\">Productos de limpieza para el hogar<\/h2>\t\t\t\t<\/div>\n\t\t\t\t<div class=\"elementor-element elementor-element-8d15236 elementor-widget elementor-widget-text-editor\" data-id=\"8d15236\" data-element_type=\"widget\" data-e-type=\"widget\" data-widget_type=\"text-editor.default\">\n\t\t\t\t\t\t\t\t\t<p>Formulados con ingredientes naturales y biodegradables que minimizan el impacto ambiental y no contienen qu\u00edmicos agresivos ni sustancias t\u00f3xicas.<\/p>\t\t\t\t\t\t\t\t<\/div>\n\t\t\t\t<\/div>\n\t\t\t\t\t<\/div>\n\t\t\t\t<\/div>\n\t\t<div class=\"elementor-element elementor-element-09804bc e-flex e-con-boxed e-con e-parent\" data-id=\"09804bc\" data-element_type=\"container\" data-e-type=\"container\">\n\t\t\t\t\t<div class=\"e-con-inner\">\n\t\t<div class=\"elementor-element elementor-element-5bd10bc e-con-full e-flex e-con e-child\" data-id=\"5bd10bc\" data-element_type=\"container\" data-e-type=\"container\" data-settings=\"{&quot;background_background&quot;:&quot;classic&quot;}\">\n\t\t\t\t<div class=\"elementor-element elementor-element-c41a3d2 elementor-widget elementor-widget-heading\" data-id=\"c41a3d2\" data-element_type=\"widget\" data-e-type=\"widget\" data-widget_type=\"heading.default\">\n\t\t\t\t\t<h2 class=\"elementor-heading-title elementor-size-default\">Alimentaci\u00f3n Vegana<\/h2>\t\t\t\t<\/div>\n\t\t\t\t<div class=\"elementor-element elementor-element-adfe3c6 elementor-widget elementor-widget-text-editor\" data-id=\"adfe3c6\" data-element_type=\"widget\" data-e-type=\"widget\" data-widget_type=\"text-editor.default\">\n\t\t\t\t\t\t\t\t\t<p>Amplia selecci\u00f3n de productos ecol\u00f3gicos elaborados sin ingredientes de origen animal, pensados para una alimentaci\u00f3n vegana equilibrada, saludable y respetuosa con el medio ambiente.<\/p>\t\t\t\t\t\t\t\t<\/div>\n\t\t\t\t<\/div>\n\t\t\t\t\t<\/div>\n\t\t\t\t<\/div>\n\t\t<div class=\"elementor-element elementor-element-c6a7c12 e-flex e-con-boxed e-con e-parent\" data-id=\"c6a7c12\" data-element_type=\"container\" data-e-type=\"container\" data-settings=\"{&quot;background_background&quot;:&quot;classic&quot;}\">\n\t\t\t\t\t<div class=\"e-con-inner\">\n\t\t\t\t<div class=\"elementor-element elementor-element-9962c67 elementor-widget elementor-widget-heading\" data-id=\"9962c67\" data-element_type=\"widget\" data-e-type=\"widget\" data-widget_type=\"heading.default\">\n\t\t\t\t\t<h2 class=\"elementor-heading-title elementor-size-default\">Tu bienestar empieza con una buena elecci\u00f3n.<\/h2>\t\t\t\t<\/div>\n\t\t\t\t<div class=\"elementor-element elementor-element-a88dd3e elementor-widget elementor-widget-text-editor\" data-id=\"a88dd3e\" data-element_type=\"widget\" data-e-type=\"widget\" data-widget_type=\"text-editor.default\">\n\t\t\t\t\t\t\t\t\t<p>Estamos encantados de atenderte<\/p>\t\t\t\t\t\t\t\t<\/div>\n\t\t\t\t<div class=\"elementor-element elementor-element-af60e67 elementor-align-center elementor-widget elementor-widget-button\" data-id=\"af60e67\" data-element_type=\"widget\" data-e-type=\"widget\" data-widget_type=\"button.default\">\n\t\t\t\t\t\t\t\t\t\t<a class=\"elementor-button elementor-button-link elementor-size-sm\" href=\"https:\/\/amabio.biz\/eu\/contacto\/\">\n\t\t\t\t\t\t<span class=\"elementor-button-content-wrapper\">\n\t\t\t\t\t\t\t\t\t<span class=\"elementor-button-text\">Kontaktua<\/span>\n\t\t\t\t\t<\/span>\n\t\t\t\t\t<\/a>\n\t\t\t\t\t\t\t\t<\/div>\n\t\t\t\t\t<\/div>\n\t\t\t\t<\/div>\n\t\t\t\t<\/div>","protected":false},"excerpt":{"rendered":"<p>Bienestar natural desde el origen En nuestra tienda encontrar\u00e1s una amplia variedad de productos ecol\u00f3gicos certificados, seleccionados con mimo y responsabilidad Alimentaci\u00f3n Ecol\u00f3gica Productos b\u00e1sicos y gourmet elaborados con ingredientes naturales y de origen ecol\u00f3gico. Diet\u00e9tica y Nutrici\u00f3n Suplementos diet\u00e9ticos, plantas medicinales y opciones pensadas para cuidar tu salud de forma natural.\u00a0 Cosm\u00e9tica Natural Productos [&hellip;]<\/p>\n","protected":false},"author":1,"featured_media":0,"parent":0,"menu_order":0,"comment_status":"closed","ping_status":"closed","template":"elementor_canvas","meta":{"footnotes":""},"class_list":["post-13","page","type-page","status-publish","hentry"],"yoast_head":"<!-- This site is optimized with the Yoast SEO plugin v27.3 - https:\/\/yoast.com\/product\/yoast-seo-wordpress\/ -->\n<title>Productos - Amabio<\/title>\n<meta name=\"robots\" content=\"index, follow, max-snippet:-1, max-image-preview:large, max-video-preview:-1\" \/>\n<link rel=\"canonical\" href=\"https:\/\/amabio.biz\/eu\/productos\/\" \/>\n<meta property=\"og:locale\" content=\"en_US\" \/>\n<meta property=\"og:type\" content=\"article\" \/>\n<meta property=\"og:title\" content=\"Productos - Amabio\" \/>\n<meta property=\"og:description\" content=\"Bienestar natural desde el origen En nuestra tienda encontrar\u00e1s una amplia variedad de productos ecol\u00f3gicos certificados, seleccionados con mimo y responsabilidad Alimentaci\u00f3n Ecol\u00f3gica Productos b\u00e1sicos y gourmet elaborados con ingredientes naturales y de origen ecol\u00f3gico. Diet\u00e9tica y Nutrici\u00f3n Suplementos diet\u00e9ticos, plantas medicinales y opciones pensadas para cuidar tu salud de forma natural.\u00a0 Cosm\u00e9tica Natural Productos [&hellip;]\" \/>\n<meta property=\"og:url\" content=\"https:\/\/amabio.biz\/eu\/productos\/\" \/>\n<meta property=\"og:site_name\" content=\"Amabio\" \/>\n<meta property=\"article:modified_time\" content=\"2026-01-28T11:43:38+00:00\" \/>\n<meta name=\"twitter:card\" content=\"summary_large_image\" \/>\n<meta name=\"twitter:label1\" content=\"Est. reading time\" \/>\n\t<meta name=\"twitter:data1\" content=\"1 minutua\" \/>\n<script type=\"application\/ld+json\" class=\"yoast-schema-graph\">{\"@context\":\"https:\\\/\\\/schema.org\",\"@graph\":[{\"@type\":\"WebPage\",\"@id\":\"https:\\\/\\\/amabio.biz\\\/productos\\\/\",\"url\":\"https:\\\/\\\/amabio.biz\\\/productos\\\/\",\"name\":\"Productos - Amabio\",\"isPartOf\":{\"@id\":\"https:\\\/\\\/amabio.biz\\\/#website\"},\"datePublished\":\"2026-01-15T12:55:15+00:00\",\"dateModified\":\"2026-01-28T11:43:38+00:00\",\"breadcrumb\":{\"@id\":\"https:\\\/\\\/amabio.biz\\\/productos\\\/#breadcrumb\"},\"inLanguage\":\"eu\",\"potentialAction\":[{\"@type\":\"ReadAction\",\"target\":[\"https:\\\/\\\/amabio.biz\\\/productos\\\/\"]}]},{\"@type\":\"BreadcrumbList\",\"@id\":\"https:\\\/\\\/amabio.biz\\\/productos\\\/#breadcrumb\",\"itemListElement\":[{\"@type\":\"ListItem\",\"position\":1,\"name\":\"Portada\",\"item\":\"https:\\\/\\\/amabio.biz\\\/\"},{\"@type\":\"ListItem\",\"position\":2,\"name\":\"Productos\"}]},{\"@type\":\"WebSite\",\"@id\":\"https:\\\/\\\/amabio.biz\\\/#website\",\"url\":\"https:\\\/\\\/amabio.biz\\\/\",\"name\":\"Amabio\",\"description\":\"Alimentos ecol\u00f3gicos\",\"publisher\":{\"@id\":\"https:\\\/\\\/amabio.biz\\\/#organization\"},\"potentialAction\":[{\"@type\":\"SearchAction\",\"target\":{\"@type\":\"EntryPoint\",\"urlTemplate\":\"https:\\\/\\\/amabio.biz\\\/?s={search_term_string}\"},\"query-input\":{\"@type\":\"PropertyValueSpecification\",\"valueRequired\":true,\"valueName\":\"search_term_string\"}}],\"inLanguage\":\"eu\"},{\"@type\":\"Organization\",\"@id\":\"https:\\\/\\\/amabio.biz\\\/#organization\",\"name\":\"Amabio\",\"url\":\"https:\\\/\\\/amabio.biz\\\/\",\"logo\":{\"@type\":\"ImageObject\",\"inLanguage\":\"eu\",\"@id\":\"https:\\\/\\\/amabio.biz\\\/#\\\/schema\\\/logo\\\/image\\\/\",\"url\":\"https:\\\/\\\/amabio.biz\\\/wp-content\\\/uploads\\\/2026\\\/01\\\/cropped-amabio_logo.png\",\"contentUrl\":\"https:\\\/\\\/amabio.biz\\\/wp-content\\\/uploads\\\/2026\\\/01\\\/cropped-amabio_logo.png\",\"width\":250,\"height\":249,\"caption\":\"Amabio\"},\"image\":{\"@id\":\"https:\\\/\\\/amabio.biz\\\/#\\\/schema\\\/logo\\\/image\\\/\"}}]}<\/script>\n<!-- \/ Yoast SEO plugin. -->","yoast_head_json":{"title":"Productos - Amabio","robots":{"index":"index","follow":"follow","max-snippet":"max-snippet:-1","max-image-preview":"max-image-preview:large","max-video-preview":"max-video-preview:-1"},"canonical":"https:\/\/amabio.biz\/eu\/productos\/","og_locale":"en_US","og_type":"article","og_title":"Productos - Amabio","og_description":"Bienestar natural desde el origen En nuestra tienda encontrar\u00e1s una amplia variedad de productos ecol\u00f3gicos certificados, seleccionados con mimo y responsabilidad Alimentaci\u00f3n Ecol\u00f3gica Productos b\u00e1sicos y gourmet elaborados con ingredientes naturales y de origen ecol\u00f3gico. Diet\u00e9tica y Nutrici\u00f3n Suplementos diet\u00e9ticos, plantas medicinales y opciones pensadas para cuidar tu salud de forma natural.\u00a0 Cosm\u00e9tica Natural Productos [&hellip;]","og_url":"https:\/\/amabio.biz\/eu\/productos\/","og_site_name":"Amabio","article_modified_time":"2026-01-28T11:43:38+00:00","twitter_card":"summary_large_image","twitter_misc":{"Est. reading time":"1 minutua"},"schema":{"@context":"https:\/\/schema.org","@graph":[{"@type":"WebPage","@id":"https:\/\/amabio.biz\/productos\/","url":"https:\/\/amabio.biz\/productos\/","name":"Productos - Amabio","isPartOf":{"@id":"https:\/\/amabio.biz\/#website"},"datePublished":"2026-01-15T12:55:15+00:00","dateModified":"2026-01-28T11:43:38+00:00","breadcrumb":{"@id":"https:\/\/amabio.biz\/productos\/#breadcrumb"},"inLanguage":"eu","potentialAction":[{"@type":"ReadAction","target":["https:\/\/amabio.biz\/productos\/"]}]},{"@type":"BreadcrumbList","@id":"https:\/\/amabio.biz\/productos\/#breadcrumb","itemListElement":[{"@type":"ListItem","position":1,"name":"Portada","item":"https:\/\/amabio.biz\/"},{"@type":"ListItem","position":2,"name":"Productos"}]},{"@type":"WebSite","@id":"https:\/\/amabio.biz\/#website","url":"https:\/\/amabio.biz\/","name":"Amabio","description":"Alimentos ecol\u00f3gicos","publisher":{"@id":"https:\/\/amabio.biz\/#organization"},"potentialAction":[{"@type":"SearchAction","target":{"@type":"EntryPoint","urlTemplate":"https:\/\/amabio.biz\/?s={search_term_string}"},"query-input":{"@type":"PropertyValueSpecification","valueRequired":true,"valueName":"search_term_string"}}],"inLanguage":"eu"},{"@type":"Organization","@id":"https:\/\/amabio.biz\/#organization","name":"Amabio","url":"https:\/\/amabio.biz\/","logo":{"@type":"ImageObject","inLanguage":"eu","@id":"https:\/\/amabio.biz\/#\/schema\/logo\/image\/","url":"https:\/\/amabio.biz\/wp-content\/uploads\/2026\/01\/cropped-amabio_logo.png","contentUrl":"https:\/\/amabio.biz\/wp-content\/uploads\/2026\/01\/cropped-amabio_logo.png","width":250,"height":249,"caption":"Amabio"},"image":{"@id":"https:\/\/amabio.biz\/#\/schema\/logo\/image\/"}}]}},"_links":{"self":[{"href":"https:\/\/amabio.biz\/eu\/wp-json\/wp\/v2\/pages\/13","targetHints":{"allow":["GET"]}}],"collection":[{"href":"https:\/\/amabio.biz\/eu\/wp-json\/wp\/v2\/pages"}],"about":[{"href":"https:\/\/amabio.biz\/eu\/wp-json\/wp\/v2\/types\/page"}],"author":[{"embeddable":true,"href":"https:\/\/amabio.biz\/eu\/wp-json\/wp\/v2\/users\/1"}],"replies":[{"embeddable":true,"href":"https:\/\/amabio.biz\/eu\/wp-json\/wp\/v2\/comments?post=13"}],"version-history":[{"count":52,"href":"https:\/\/amabio.biz\/eu\/wp-json\/wp\/v2\/pages\/13\/revisions"}],"predecessor-version":[{"id":313,"href":"https:\/\/amabio.biz\/eu\/wp-json\/wp\/v2\/pages\/13\/revisions\/313"}],"wp:attachment":[{"href":"https:\/\/amabio.biz\/eu\/wp-json\/wp\/v2\/media?parent=13"}],"curies":[{"name":"wp","href":"https:\/\/api.w.org\/{rel}","templated":true}]}}