{"id":10,"date":"2026-01-15T12:54:37","date_gmt":"2026-01-15T12:54:37","guid":{"rendered":"https:\/\/amabio.rkinformatika.online\/?page_id=10"},"modified":"2026-01-28T11:44:17","modified_gmt":"2026-01-28T11:44:17","slug":"inicio","status":"publish","type":"page","link":"https:\/\/amabio.biz\/eu\/","title":{"rendered":"Hasiera"},"content":{"rendered":"<div data-elementor-type=\"wp-page\" data-elementor-id=\"10\" class=\"elementor elementor-10\" data-elementor-post-type=\"page\">\n\t\t\t\t<div class=\"elementor-element elementor-element-48b7cb2 e-flex e-con-boxed e-con e-parent\" data-id=\"48b7cb2\" data-element_type=\"container\" data-e-type=\"container\" data-settings=\"{&quot;background_background&quot;:&quot;classic&quot;}\">\n\t\t\t\t\t<div class=\"e-con-inner\">\n\t\t\t\t<div class=\"elementor-element elementor-element-635dd5c elementor-invisible elementor-widget elementor-widget-heading\" data-id=\"635dd5c\" data-element_type=\"widget\" data-e-type=\"widget\" data-settings=\"{&quot;_animation&quot;:&quot;fadeInLeft&quot;}\" data-widget_type=\"heading.default\">\n\t\t\t\t\t<h2 class=\"elementor-heading-title elementor-size-default\">Ekologikoa, tokikoa <br>eta arduratsua<\/h2>\t\t\t\t<\/div>\n\t\t\t\t\t<\/div>\n\t\t\t\t<\/div>\n\t\t<div class=\"elementor-element elementor-element-f5ce1cc e-flex e-con-boxed e-con e-parent\" data-id=\"f5ce1cc\" data-element_type=\"container\" data-e-type=\"container\" data-settings=\"{&quot;background_background&quot;:&quot;classic&quot;}\">\n\t\t\t\t\t<div class=\"e-con-inner\">\n\t\t<div class=\"elementor-element elementor-element-7923946 e-con-full e-flex e-con e-child\" data-id=\"7923946\" data-element_type=\"container\" data-e-type=\"container\">\n\t\t\t\t<div class=\"elementor-element elementor-element-f1ba82f elementor-widget elementor-widget-heading\" data-id=\"f1ba82f\" data-element_type=\"widget\" data-e-type=\"widget\" data-widget_type=\"heading.default\">\n\t\t\t\t\t<h2 class=\"elementor-heading-title elementor-size-default\">Guri Buruz<\/h2>\t\t\t\t<\/div>\n\t\t\t\t<div class=\"elementor-element elementor-element-92b1b03 elementor-widget elementor-widget-text-editor\" data-id=\"92b1b03\" data-element_type=\"widget\" data-e-type=\"widget\" data-widget_type=\"text-editor.default\">\n\t\t\t\t\t\t\t\t\t<div class=\"Qr7Oae\" role=\"listitem\"><div class=\"OxAavc NVbRL\" data-required=\"true\" data-item-id=\"1218297843\"><div class=\"Ih4Dzb\"><div class=\"q4tvle JqSWld yqQS1\" tabindex=\"0\" role=\"textbox\" aria-label=\"Resumen de la historia de la empresa (tal y como va a aparecer en el sitio web).&lt;br&gt;Puedes hacer una breve descripci&oacute;n de tu empresa, de su historia e informaci&oacute;n que quieras compartir para presentarla.\" aria-disabled=\"true\"><div class=\"Qr7Oae\" role=\"listitem\"><div class=\"OxAavc NVbRL\" data-required=\"true\" data-item-id=\"1218297843\"><div class=\"Ih4Dzb\"><div class=\"q4tvle JqSWld yqQS1\" tabindex=\"0\" role=\"textbox\" aria-label=\"Resumen de la historia de la empresa (tal y como va a aparecer en el sitio web).&lt;br&gt;Puedes hacer una breve descripci&oacute;n de tu empresa, de su historia e informaci&oacute;n que quieras compartir para presentarla.\" aria-disabled=\"true\"><p data-start=\"239\" data-end=\"600\">AMABIO EKODENDA produktu ekologiko eta naturaletan espezializatutako denda bat da, non kontsumitzeko modu kontzienteago, osasungarriago eta ingurumenarekiko errespetuzkoago batean sinesten dugun. Elikadura organiko, dietetiko eta garbiketa produktuen aukeraketa zaindua eskaintzen dugu, pertsonen eta planetaren ongizaterako pentsatuak.<\/p><p data-start=\"602\" data-end=\"893\">Nekazaritza ekologikoan eta modu arduratsuan ekoitzitako elikagaietan irmoki sinesten dugu, natura eta gure osasuna kaltetu gabe. Tokiko eta hurbileko nekazari txikien produktuen alde egiten dugu, harreman komertzial justu eta iraunkorrak sustatuz.<\/p><p data-start=\"895\" data-end=\"1020\">Guretzat, ekologikoa kontsumitzea ez da moda bat, errespetuan, gardentasunean eta kalitatean oinarritutako bizimodua baizik.<\/p><\/div><\/div><\/div><\/div><\/div><\/div><\/div><\/div>\t\t\t\t\t\t\t\t<\/div>\n\t\t\t\t<\/div>\n\t\t<div class=\"elementor-element elementor-element-5d48807 e-con-full e-flex e-con e-child\" data-id=\"5d48807\" data-element_type=\"container\" data-e-type=\"container\">\n\t\t\t\t<div class=\"elementor-element elementor-element-98a48ea elementor-widget elementor-widget-image\" data-id=\"98a48ea\" data-element_type=\"widget\" data-e-type=\"widget\" data-widget_type=\"image.default\">\n\t\t\t\t\t\t\t\t\t\t\t\t\t\t\t<img fetchpriority=\"high\" decoding=\"async\" width=\"1845\" height=\"2048\" src=\"https:\/\/amabio.biz\/wp-content\/uploads\/2026\/01\/2.jpeg\" class=\"attachment-full size-full wp-image-276\" alt=\"\" srcset=\"https:\/\/amabio.biz\/wp-content\/uploads\/2026\/01\/2.jpeg 1845w, https:\/\/amabio.biz\/wp-content\/uploads\/2026\/01\/2-270x300.jpeg 270w, https:\/\/amabio.biz\/wp-content\/uploads\/2026\/01\/2-923x1024.jpeg 923w, https:\/\/amabio.biz\/wp-content\/uploads\/2026\/01\/2-768x853.jpeg 768w, https:\/\/amabio.biz\/wp-content\/uploads\/2026\/01\/2-1384x1536.jpeg 1384w, https:\/\/amabio.biz\/wp-content\/uploads\/2026\/01\/2-11x12.jpeg 11w\" sizes=\"(max-width: 1845px) 100vw, 1845px\" \/>\t\t\t\t\t\t\t\t\t\t\t\t\t\t\t<\/div>\n\t\t\t\t<\/div>\n\t\t\t\t\t<\/div>\n\t\t\t\t<\/div>\n\t\t<div class=\"elementor-element elementor-element-19a22d3 e-flex e-con-boxed e-con e-parent\" data-id=\"19a22d3\" data-element_type=\"container\" data-e-type=\"container\">\n\t\t\t\t\t<div class=\"e-con-inner\">\n\t\t\t\t<div class=\"elementor-element elementor-element-290bce4 elementor-widget elementor-widget-gallery\" data-id=\"290bce4\" data-element_type=\"widget\" data-e-type=\"widget\" data-settings=\"{&quot;lazyload&quot;:&quot;yes&quot;,&quot;gallery_layout&quot;:&quot;grid&quot;,&quot;columns&quot;:4,&quot;columns_tablet&quot;:2,&quot;columns_mobile&quot;:1,&quot;gap&quot;:{&quot;unit&quot;:&quot;px&quot;,&quot;size&quot;:10,&quot;sizes&quot;:[]},&quot;gap_tablet&quot;:{&quot;unit&quot;:&quot;px&quot;,&quot;size&quot;:10,&quot;sizes&quot;:[]},&quot;gap_mobile&quot;:{&quot;unit&quot;:&quot;px&quot;,&quot;size&quot;:10,&quot;sizes&quot;:[]},&quot;link_to&quot;:&quot;file&quot;,&quot;aspect_ratio&quot;:&quot;3:2&quot;,&quot;overlay_background&quot;:&quot;yes&quot;,&quot;content_hover_animation&quot;:&quot;fade-in&quot;}\" data-widget_type=\"gallery.default\">\n\t\t\t\t\t\t\t<div class=\"elementor-gallery__container\">\n\t\t\t\t\t\t\t<a class=\"e-gallery-item elementor-gallery-item elementor-animated-content\" href=\"https:\/\/amabio.biz\/wp-content\/uploads\/2026\/01\/7.jpeg\" data-elementor-open-lightbox=\"yes\" data-elementor-lightbox-slideshow=\"290bce4\" data-elementor-lightbox-title=\"7\" data-e-action-hash=\"#elementor-action%3Aaction%3Dlightbox%26settings%3DeyJpZCI6Mjc4LCJ1cmwiOiJodHRwczpcL1wvYW1hYmlvLmJpelwvd3AtY29udGVudFwvdXBsb2Fkc1wvMjAyNlwvMDFcLzcuanBlZyIsInNsaWRlc2hvdyI6IjI5MGJjZTQifQ%3D%3D\">\n\t\t\t\t\t<div class=\"e-gallery-image elementor-gallery-item__image\" data-thumbnail=\"https:\/\/amabio.biz\/wp-content\/uploads\/2026\/01\/7.jpeg\" data-width=\"2048\" data-height=\"2048\" aria-label=\"\" role=\"img\" ><\/div>\n\t\t\t\t\t\t\t\t\t\t\t<div class=\"elementor-gallery-item__overlay\"><\/div>\n\t\t\t\t\t\t\t\t\t\t\t\t\t\t<\/a>\n\t\t\t\t\t\t\t<a class=\"e-gallery-item elementor-gallery-item elementor-animated-content\" href=\"https:\/\/amabio.biz\/wp-content\/uploads\/2026\/01\/4.jpeg\" data-elementor-open-lightbox=\"yes\" data-elementor-lightbox-slideshow=\"290bce4\" data-elementor-lightbox-title=\"4\" data-e-action-hash=\"#elementor-action%3Aaction%3Dlightbox%26settings%3DeyJpZCI6MjcyLCJ1cmwiOiJodHRwczpcL1wvYW1hYmlvLmJpelwvd3AtY29udGVudFwvdXBsb2Fkc1wvMjAyNlwvMDFcLzQuanBlZyIsInNsaWRlc2hvdyI6IjI5MGJjZTQifQ%3D%3D\">\n\t\t\t\t\t<div class=\"e-gallery-image elementor-gallery-item__image\" data-thumbnail=\"https:\/\/amabio.biz\/wp-content\/uploads\/2026\/01\/4.jpeg\" data-width=\"1530\" data-height=\"2040\" aria-label=\"\" role=\"img\" ><\/div>\n\t\t\t\t\t\t\t\t\t\t\t<div class=\"elementor-gallery-item__overlay\"><\/div>\n\t\t\t\t\t\t\t\t\t\t\t\t\t\t<\/a>\n\t\t\t\t\t\t\t<a class=\"e-gallery-item elementor-gallery-item elementor-animated-content\" href=\"https:\/\/amabio.biz\/wp-content\/uploads\/2026\/01\/5.jpeg\" data-elementor-open-lightbox=\"yes\" data-elementor-lightbox-slideshow=\"290bce4\" data-elementor-lightbox-title=\"5\" data-e-action-hash=\"#elementor-action%3Aaction%3Dlightbox%26settings%3DeyJpZCI6MjczLCJ1cmwiOiJodHRwczpcL1wvYW1hYmlvLmJpelwvd3AtY29udGVudFwvdXBsb2Fkc1wvMjAyNlwvMDFcLzUuanBlZyIsInNsaWRlc2hvdyI6IjI5MGJjZTQifQ%3D%3D\">\n\t\t\t\t\t<div class=\"e-gallery-image elementor-gallery-item__image\" data-thumbnail=\"https:\/\/amabio.biz\/wp-content\/uploads\/2026\/01\/5.jpeg\" data-width=\"2048\" data-height=\"2048\" aria-label=\"\" role=\"img\" ><\/div>\n\t\t\t\t\t\t\t\t\t\t\t<div class=\"elementor-gallery-item__overlay\"><\/div>\n\t\t\t\t\t\t\t\t\t\t\t\t\t\t<\/a>\n\t\t\t\t\t\t\t<a class=\"e-gallery-item elementor-gallery-item elementor-animated-content\" href=\"https:\/\/amabio.biz\/wp-content\/uploads\/2026\/01\/8.jpeg\" data-elementor-open-lightbox=\"yes\" data-elementor-lightbox-slideshow=\"290bce4\" data-elementor-lightbox-title=\"8\" data-e-action-hash=\"#elementor-action%3Aaction%3Dlightbox%26settings%3DeyJpZCI6Mjc0LCJ1cmwiOiJodHRwczpcL1wvYW1hYmlvLmJpelwvd3AtY29udGVudFwvdXBsb2Fkc1wvMjAyNlwvMDFcLzguanBlZyIsInNsaWRlc2hvdyI6IjI5MGJjZTQifQ%3D%3D\">\n\t\t\t\t\t<div class=\"e-gallery-image elementor-gallery-item__image\" data-thumbnail=\"https:\/\/amabio.biz\/wp-content\/uploads\/2026\/01\/8.jpeg\" data-width=\"2048\" data-height=\"2048\" aria-label=\"\" role=\"img\" ><\/div>\n\t\t\t\t\t\t\t\t\t\t\t<div class=\"elementor-gallery-item__overlay\"><\/div>\n\t\t\t\t\t\t\t\t\t\t\t\t\t\t<\/a>\n\t\t\t\t\t\t\t<a class=\"e-gallery-item elementor-gallery-item elementor-animated-content\" href=\"https:\/\/amabio.biz\/wp-content\/uploads\/2026\/01\/3.jpeg\" data-elementor-open-lightbox=\"yes\" data-elementor-lightbox-slideshow=\"290bce4\" data-elementor-lightbox-title=\"3\" data-e-action-hash=\"#elementor-action%3Aaction%3Dlightbox%26settings%3DeyJpZCI6Mjc1LCJ1cmwiOiJodHRwczpcL1wvYW1hYmlvLmJpelwvd3AtY29udGVudFwvdXBsb2Fkc1wvMjAyNlwvMDFcLzMuanBlZyIsInNsaWRlc2hvdyI6IjI5MGJjZTQifQ%3D%3D\">\n\t\t\t\t\t<div class=\"e-gallery-image elementor-gallery-item__image\" data-thumbnail=\"https:\/\/amabio.biz\/wp-content\/uploads\/2026\/01\/3.jpeg\" data-width=\"2048\" data-height=\"2048\" aria-label=\"\" role=\"img\" ><\/div>\n\t\t\t\t\t\t\t\t\t\t\t<div class=\"elementor-gallery-item__overlay\"><\/div>\n\t\t\t\t\t\t\t\t\t\t\t\t\t\t<\/a>\n\t\t\t\t\t\t\t<a class=\"e-gallery-item elementor-gallery-item elementor-animated-content\" href=\"https:\/\/amabio.biz\/wp-content\/uploads\/2026\/01\/1.jpeg\" data-elementor-open-lightbox=\"yes\" data-elementor-lightbox-slideshow=\"290bce4\" data-elementor-lightbox-title=\"1\" data-e-action-hash=\"#elementor-action%3Aaction%3Dlightbox%26settings%3DeyJpZCI6Mjc3LCJ1cmwiOiJodHRwczpcL1wvYW1hYmlvLmJpelwvd3AtY29udGVudFwvdXBsb2Fkc1wvMjAyNlwvMDFcLzEuanBlZyIsInNsaWRlc2hvdyI6IjI5MGJjZTQifQ%3D%3D\">\n\t\t\t\t\t<div class=\"e-gallery-image elementor-gallery-item__image\" data-thumbnail=\"https:\/\/amabio.biz\/wp-content\/uploads\/2026\/01\/1.jpeg\" data-width=\"2048\" data-height=\"2048\" aria-label=\"\" role=\"img\" ><\/div>\n\t\t\t\t\t\t\t\t\t\t\t<div class=\"elementor-gallery-item__overlay\"><\/div>\n\t\t\t\t\t\t\t\t\t\t\t\t\t\t<\/a>\n\t\t\t\t\t\t\t<a class=\"e-gallery-item elementor-gallery-item elementor-animated-content\" href=\"https:\/\/amabio.biz\/wp-content\/uploads\/2026\/01\/9.jpeg\" data-elementor-open-lightbox=\"yes\" data-elementor-lightbox-slideshow=\"290bce4\" data-elementor-lightbox-title=\"9\" data-e-action-hash=\"#elementor-action%3Aaction%3Dlightbox%26settings%3DeyJpZCI6Mjc5LCJ1cmwiOiJodHRwczpcL1wvYW1hYmlvLmJpelwvd3AtY29udGVudFwvdXBsb2Fkc1wvMjAyNlwvMDFcLzkuanBlZyIsInNsaWRlc2hvdyI6IjI5MGJjZTQifQ%3D%3D\">\n\t\t\t\t\t<div class=\"e-gallery-image elementor-gallery-item__image\" data-thumbnail=\"https:\/\/amabio.biz\/wp-content\/uploads\/2026\/01\/9.jpeg\" data-width=\"2048\" data-height=\"2048\" aria-label=\"\" role=\"img\" ><\/div>\n\t\t\t\t\t\t\t\t\t\t\t<div class=\"elementor-gallery-item__overlay\"><\/div>\n\t\t\t\t\t\t\t\t\t\t\t\t\t\t<\/a>\n\t\t\t\t\t\t\t<a class=\"e-gallery-item elementor-gallery-item elementor-animated-content\" href=\"https:\/\/amabio.biz\/wp-content\/uploads\/2026\/01\/6.jpeg\" data-elementor-open-lightbox=\"yes\" data-elementor-lightbox-slideshow=\"290bce4\" data-elementor-lightbox-title=\"6\" data-e-action-hash=\"#elementor-action%3Aaction%3Dlightbox%26settings%3DeyJpZCI6MjgwLCJ1cmwiOiJodHRwczpcL1wvYW1hYmlvLmJpelwvd3AtY29udGVudFwvdXBsb2Fkc1wvMjAyNlwvMDFcLzYuanBlZyIsInNsaWRlc2hvdyI6IjI5MGJjZTQifQ%3D%3D\">\n\t\t\t\t\t<div class=\"e-gallery-image elementor-gallery-item__image\" data-thumbnail=\"https:\/\/amabio.biz\/wp-content\/uploads\/2026\/01\/6.jpeg\" data-width=\"2048\" data-height=\"2048\" aria-label=\"\" role=\"img\" ><\/div>\n\t\t\t\t\t\t\t\t\t\t\t<div class=\"elementor-gallery-item__overlay\"><\/div>\n\t\t\t\t\t\t\t\t\t\t\t\t\t\t<\/a>\n\t\t\t\t\t<\/div>\n\t\t\t\t\t<\/div>\n\t\t\t\t\t<\/div>\n\t\t\t\t<\/div>\n\t\t<div class=\"elementor-element elementor-element-efa6b89 e-flex e-con-boxed e-con e-parent\" data-id=\"efa6b89\" data-element_type=\"container\" data-e-type=\"container\" data-settings=\"{&quot;background_background&quot;:&quot;classic&quot;}\">\n\t\t\t\t\t<div class=\"e-con-inner\">\n\t\t\t\t<div class=\"elementor-element elementor-element-e8126ba elementor-widget elementor-widget-heading\" data-id=\"e8126ba\" data-element_type=\"widget\" data-e-type=\"widget\" data-widget_type=\"heading.default\">\n\t\t\t\t\t<h2 class=\"elementor-heading-title elementor-size-default\">Amabio ekodendak hurbileko nekazari txikien elikagaietan sinesten du, bidezko merkataritza harremanen bidez<\/h2>\t\t\t\t<\/div>\n\t\t\t\t<div class=\"elementor-element elementor-element-87089f0 elementor-align-center elementor-widget elementor-widget-button\" data-id=\"87089f0\" data-element_type=\"widget\" data-e-type=\"widget\" data-widget_type=\"button.default\">\n\t\t\t\t\t\t\t\t\t\t<a class=\"elementor-button elementor-button-link elementor-size-sm\" href=\"https:\/\/amabio.biz\/eu\/productos\/\">\n\t\t\t\t\t\t<span class=\"elementor-button-content-wrapper\">\n\t\t\t\t\t\t\t\t\t<span class=\"elementor-button-text\">Produktuak<\/span>\n\t\t\t\t\t<\/span>\n\t\t\t\t\t<\/a>\n\t\t\t\t\t\t\t\t<\/div>\n\t\t\t\t\t<\/div>\n\t\t\t\t<\/div>\n\t\t\t\t<\/div>","protected":false},"excerpt":{"rendered":"<p>Ecol\u00f3gico, local y responsable Sobre Nosotros AMABIO EKODENDA es una tienda especializada en productos ecol\u00f3gicos y naturales, donde creemos en una forma de consumir m\u00e1s consciente, saludable y respetuosa con el medio ambiente. Ofrecemos una cuidada selecci\u00f3n de alimentaci\u00f3n org\u00e1nica, diet\u00e9tica y productos de limpieza pensados para el bienestar de las personas y del planeta. [&hellip;]<\/p>\n","protected":false},"author":1,"featured_media":0,"parent":0,"menu_order":0,"comment_status":"closed","ping_status":"closed","template":"elementor_canvas","meta":{"footnotes":""},"class_list":["post-10","page","type-page","status-publish","hentry"],"yoast_head":"<!-- This site is optimized with the Yoast SEO plugin v27.3 - https:\/\/yoast.com\/product\/yoast-seo-wordpress\/ -->\n<title>Inicio - Amabio<\/title>\n<meta name=\"robots\" content=\"index, follow, max-snippet:-1, max-image-preview:large, max-video-preview:-1\" \/>\n<link rel=\"canonical\" href=\"https:\/\/amabio.biz\/eu\/\" \/>\n<meta property=\"og:locale\" content=\"en_US\" \/>\n<meta property=\"og:type\" content=\"article\" \/>\n<meta property=\"og:title\" content=\"Inicio - Amabio\" \/>\n<meta property=\"og:description\" content=\"Ecol\u00f3gico, local y responsable Sobre Nosotros AMABIO EKODENDA es una tienda especializada en productos ecol\u00f3gicos y naturales, donde creemos en una forma de consumir m\u00e1s consciente, saludable y respetuosa con el medio ambiente. Ofrecemos una cuidada selecci\u00f3n de alimentaci\u00f3n org\u00e1nica, diet\u00e9tica y productos de limpieza pensados para el bienestar de las personas y del planeta. [&hellip;]\" \/>\n<meta property=\"og:url\" content=\"https:\/\/amabio.biz\/eu\/\" \/>\n<meta property=\"og:site_name\" content=\"Amabio\" \/>\n<meta property=\"article:modified_time\" content=\"2026-01-28T11:44:17+00:00\" \/>\n<meta property=\"og:image\" content=\"https:\/\/amabio.biz\/wp-content\/uploads\/2026\/01\/2.jpeg\" \/>\n<meta name=\"twitter:card\" content=\"summary_large_image\" \/>\n<meta name=\"twitter:label1\" content=\"Est. reading time\" \/>\n\t<meta name=\"twitter:data1\" content=\"1 minutua\" \/>\n<script type=\"application\/ld+json\" class=\"yoast-schema-graph\">{\"@context\":\"https:\\\/\\\/schema.org\",\"@graph\":[{\"@type\":\"WebPage\",\"@id\":\"https:\\\/\\\/amabio.biz\\\/\",\"url\":\"https:\\\/\\\/amabio.biz\\\/\",\"name\":\"Inicio - Amabio\",\"isPartOf\":{\"@id\":\"https:\\\/\\\/amabio.biz\\\/#website\"},\"primaryImageOfPage\":{\"@id\":\"https:\\\/\\\/amabio.biz\\\/#primaryimage\"},\"image\":{\"@id\":\"https:\\\/\\\/amabio.biz\\\/#primaryimage\"},\"thumbnailUrl\":\"https:\\\/\\\/amabio.biz\\\/wp-content\\\/uploads\\\/2026\\\/01\\\/2.jpeg\",\"datePublished\":\"2026-01-15T12:54:37+00:00\",\"dateModified\":\"2026-01-28T11:44:17+00:00\",\"breadcrumb\":{\"@id\":\"https:\\\/\\\/amabio.biz\\\/#breadcrumb\"},\"inLanguage\":\"eu\",\"potentialAction\":[{\"@type\":\"ReadAction\",\"target\":[\"https:\\\/\\\/amabio.biz\\\/\"]}]},{\"@type\":\"ImageObject\",\"inLanguage\":\"eu\",\"@id\":\"https:\\\/\\\/amabio.biz\\\/#primaryimage\",\"url\":\"https:\\\/\\\/amabio.biz\\\/wp-content\\\/uploads\\\/2026\\\/01\\\/2.jpeg\",\"contentUrl\":\"https:\\\/\\\/amabio.biz\\\/wp-content\\\/uploads\\\/2026\\\/01\\\/2.jpeg\"},{\"@type\":\"BreadcrumbList\",\"@id\":\"https:\\\/\\\/amabio.biz\\\/#breadcrumb\",\"itemListElement\":[{\"@type\":\"ListItem\",\"position\":1,\"name\":\"Portada\",\"item\":\"https:\\\/\\\/amabio.biz\\\/\"},{\"@type\":\"ListItem\",\"position\":2,\"name\":\"Inicio\"}]},{\"@type\":\"WebSite\",\"@id\":\"https:\\\/\\\/amabio.biz\\\/#website\",\"url\":\"https:\\\/\\\/amabio.biz\\\/\",\"name\":\"Amabio\",\"description\":\"Alimentos ecol\u00f3gicos\",\"publisher\":{\"@id\":\"https:\\\/\\\/amabio.biz\\\/#organization\"},\"potentialAction\":[{\"@type\":\"SearchAction\",\"target\":{\"@type\":\"EntryPoint\",\"urlTemplate\":\"https:\\\/\\\/amabio.biz\\\/?s={search_term_string}\"},\"query-input\":{\"@type\":\"PropertyValueSpecification\",\"valueRequired\":true,\"valueName\":\"search_term_string\"}}],\"inLanguage\":\"eu\"},{\"@type\":\"Organization\",\"@id\":\"https:\\\/\\\/amabio.biz\\\/#organization\",\"name\":\"Amabio\",\"url\":\"https:\\\/\\\/amabio.biz\\\/\",\"logo\":{\"@type\":\"ImageObject\",\"inLanguage\":\"eu\",\"@id\":\"https:\\\/\\\/amabio.biz\\\/#\\\/schema\\\/logo\\\/image\\\/\",\"url\":\"https:\\\/\\\/amabio.biz\\\/wp-content\\\/uploads\\\/2026\\\/01\\\/cropped-amabio_logo.png\",\"contentUrl\":\"https:\\\/\\\/amabio.biz\\\/wp-content\\\/uploads\\\/2026\\\/01\\\/cropped-amabio_logo.png\",\"width\":250,\"height\":249,\"caption\":\"Amabio\"},\"image\":{\"@id\":\"https:\\\/\\\/amabio.biz\\\/#\\\/schema\\\/logo\\\/image\\\/\"}}]}<\/script>\n<!-- \/ Yoast SEO plugin. -->","yoast_head_json":{"title":"Inicio - Amabio","robots":{"index":"index","follow":"follow","max-snippet":"max-snippet:-1","max-image-preview":"max-image-preview:large","max-video-preview":"max-video-preview:-1"},"canonical":"https:\/\/amabio.biz\/eu\/","og_locale":"en_US","og_type":"article","og_title":"Inicio - Amabio","og_description":"Ecol\u00f3gico, local y responsable Sobre Nosotros AMABIO EKODENDA es una tienda especializada en productos ecol\u00f3gicos y naturales, donde creemos en una forma de consumir m\u00e1s consciente, saludable y respetuosa con el medio ambiente. Ofrecemos una cuidada selecci\u00f3n de alimentaci\u00f3n org\u00e1nica, diet\u00e9tica y productos de limpieza pensados para el bienestar de las personas y del planeta. [&hellip;]","og_url":"https:\/\/amabio.biz\/eu\/","og_site_name":"Amabio","article_modified_time":"2026-01-28T11:44:17+00:00","og_image":[{"url":"https:\/\/amabio.biz\/wp-content\/uploads\/2026\/01\/2.jpeg","type":"","width":"","height":""}],"twitter_card":"summary_large_image","twitter_misc":{"Est. reading time":"1 minutua"},"schema":{"@context":"https:\/\/schema.org","@graph":[{"@type":"WebPage","@id":"https:\/\/amabio.biz\/","url":"https:\/\/amabio.biz\/","name":"Inicio - Amabio","isPartOf":{"@id":"https:\/\/amabio.biz\/#website"},"primaryImageOfPage":{"@id":"https:\/\/amabio.biz\/#primaryimage"},"image":{"@id":"https:\/\/amabio.biz\/#primaryimage"},"thumbnailUrl":"https:\/\/amabio.biz\/wp-content\/uploads\/2026\/01\/2.jpeg","datePublished":"2026-01-15T12:54:37+00:00","dateModified":"2026-01-28T11:44:17+00:00","breadcrumb":{"@id":"https:\/\/amabio.biz\/#breadcrumb"},"inLanguage":"eu","potentialAction":[{"@type":"ReadAction","target":["https:\/\/amabio.biz\/"]}]},{"@type":"ImageObject","inLanguage":"eu","@id":"https:\/\/amabio.biz\/#primaryimage","url":"https:\/\/amabio.biz\/wp-content\/uploads\/2026\/01\/2.jpeg","contentUrl":"https:\/\/amabio.biz\/wp-content\/uploads\/2026\/01\/2.jpeg"},{"@type":"BreadcrumbList","@id":"https:\/\/amabio.biz\/#breadcrumb","itemListElement":[{"@type":"ListItem","position":1,"name":"Portada","item":"https:\/\/amabio.biz\/"},{"@type":"ListItem","position":2,"name":"Inicio"}]},{"@type":"WebSite","@id":"https:\/\/amabio.biz\/#website","url":"https:\/\/amabio.biz\/","name":"Amabio","description":"Alimentos ecol\u00f3gicos","publisher":{"@id":"https:\/\/amabio.biz\/#organization"},"potentialAction":[{"@type":"SearchAction","target":{"@type":"EntryPoint","urlTemplate":"https:\/\/amabio.biz\/?s={search_term_string}"},"query-input":{"@type":"PropertyValueSpecification","valueRequired":true,"valueName":"search_term_string"}}],"inLanguage":"eu"},{"@type":"Organization","@id":"https:\/\/amabio.biz\/#organization","name":"Amabio","url":"https:\/\/amabio.biz\/","logo":{"@type":"ImageObject","inLanguage":"eu","@id":"https:\/\/amabio.biz\/#\/schema\/logo\/image\/","url":"https:\/\/amabio.biz\/wp-content\/uploads\/2026\/01\/cropped-amabio_logo.png","contentUrl":"https:\/\/amabio.biz\/wp-content\/uploads\/2026\/01\/cropped-amabio_logo.png","width":250,"height":249,"caption":"Amabio"},"image":{"@id":"https:\/\/amabio.biz\/#\/schema\/logo\/image\/"}}]}},"_links":{"self":[{"href":"https:\/\/amabio.biz\/eu\/wp-json\/wp\/v2\/pages\/10","targetHints":{"allow":["GET"]}}],"collection":[{"href":"https:\/\/amabio.biz\/eu\/wp-json\/wp\/v2\/pages"}],"about":[{"href":"https:\/\/amabio.biz\/eu\/wp-json\/wp\/v2\/types\/page"}],"author":[{"embeddable":true,"href":"https:\/\/amabio.biz\/eu\/wp-json\/wp\/v2\/users\/1"}],"replies":[{"embeddable":true,"href":"https:\/\/amabio.biz\/eu\/wp-json\/wp\/v2\/comments?post=10"}],"version-history":[{"count":97,"href":"https:\/\/amabio.biz\/eu\/wp-json\/wp\/v2\/pages\/10\/revisions"}],"predecessor-version":[{"id":319,"href":"https:\/\/amabio.biz\/eu\/wp-json\/wp\/v2\/pages\/10\/revisions\/319"}],"wp:attachment":[{"href":"https:\/\/amabio.biz\/eu\/wp-json\/wp\/v2\/media?parent=10"}],"curies":[{"name":"wp","href":"https:\/\/api.w.org\/{rel}","templated":true}]}}